{"id":5592,"date":"2025-01-11T11:53:02","date_gmt":"2025-01-11T10:53:02","guid":{"rendered":"https:\/\/thomaslichtenecker.com\/?page_id=5592"},"modified":"2025-01-25T14:30:58","modified_gmt":"2025-01-25T13:30:58","slug":"uebermich","status":"publish","type":"page","link":"https:\/\/thomaslichtenecker.com\/de\/uebermich\/","title":{"rendered":"\u00dcber mich"},"content":{"rendered":"<div class=\"fusion-fullwidth fullwidth-box fusion-builder-row-1 fusion-flex-container has-pattern-background has-mask-background nonhundred-percent-fullwidth non-hundred-percent-height-scrolling\" style=\"--awb-border-radius-top-left:0px;--awb-border-radius-top-right:0px;--awb-border-radius-bottom-right:0px;--awb-border-radius-bottom-left:0px;--awb-padding-top:30px;--awb-padding-bottom:50px;--awb-padding-top-small:30px;--awb-padding-bottom-small:50px;--awb-background-color:var(--awb-color1);--awb-flex-wrap:wrap;\" ><div class=\"fusion-builder-row fusion-row fusion-flex-align-items-flex-start fusion-flex-content-wrap\" style=\"max-width:1248px;margin-left: calc(-4% \/ 2 );margin-right: calc(-4% \/ 2 );\"><div class=\"fusion-layout-column fusion_builder_column fusion-builder-column-0 fusion_builder_column_1_1 1_1 fusion-flex-column\" style=\"--awb-bg-size:cover;--awb-width-large:100%;--awb-margin-top-large:0px;--awb-spacing-right-large:1.92%;--awb-margin-bottom-large:0px;--awb-spacing-left-large:1.92%;--awb-width-medium:100%;--awb-order-medium:0;--awb-spacing-right-medium:1.92%;--awb-spacing-left-medium:1.92%;--awb-width-small:100%;--awb-order-small:0;--awb-spacing-right-small:1.92%;--awb-spacing-left-small:1.92%;\"><div class=\"fusion-column-wrapper fusion-column-has-shadow fusion-flex-justify-content-flex-start fusion-content-layout-column\"><div class=\"fusion-title title fusion-title-1 fusion-sep-none fusion-title-text fusion-title-size-two fusion-animated\" style=\"--awb-margin-bottom:30px;--awb-margin-top-small:0px;--awb-margin-right-small:0px;--awb-margin-bottom-small:30px;--awb-margin-left-small:0px;--awb-font-size:var(--awb-typography1-font-size);\" data-animationType=\"fadeInLeft\" data-animationDuration=\"0.3\" data-animationOffset=\"top-into-view\"><h2 class=\"fusion-title-heading title-heading-left fusion-responsive-typography-calculated\" style=\"font-family:&quot;Roboto Serif&quot;;font-style:normal;font-weight:400;margin:0;letter-spacing:var(--awb-typography1-letter-spacing);text-transform:var(--awb-typography1-text-transform);font-size:1em;--fontSize:36;line-height:var(--awb-typography1-line-height);\"><mark class=\"fusion-highlight custom-textcolor highlight1 awb-highlight-marker\" style=\"--awb-color:var(--awb-color4);--awb-text-color:var(--awb-color8);\">\u00dcber mich<\/mark><\/h2><\/div><div class=\"fusion-title title fusion-title-2 fusion-sep-none fusion-title-text fusion-title-size-three\" style=\"--awb-text-color:var(--awb-color4);--awb-margin-top-small:0px;--awb-margin-right-small:0px;--awb-margin-bottom-small:10px;--awb-margin-left-small:0px;--awb-font-size:var(--awb-typography2-font-size);\"><h3 class=\"fusion-title-heading title-heading-left fusion-responsive-typography-calculated\" style=\"font-family:var(--awb-typography2-font-family);font-weight:var(--awb-typography2-font-weight);font-style:var(--awb-typography2-font-style);margin:0;letter-spacing:var(--awb-typography2-letter-spacing);text-transform:var(--awb-typography2-text-transform);font-size:1em;--fontSize:24;line-height:var(--awb-typography2-line-height);\">Biografie<\/h3><\/div><div class=\"fusion-text fusion-text-1 fusion-text-no-margin\" style=\"--awb-font-size:var(--awb-typography4-font-size);--awb-line-height:var(--awb-typography4-line-height);--awb-letter-spacing:var(--awb-typography4-letter-spacing);--awb-text-transform:var(--awb-typography4-text-transform);--awb-margin-bottom:30px;--awb-text-font-family:var(--awb-typography4-font-family);--awb-text-font-weight:var(--awb-typography4-font-weight);--awb-text-font-style:var(--awb-typography4-font-style);\"><p>Der aus Wien stammende Countertenor studierte an der Universit\u00e4t f\u00fcr Musik und darstellende Kunst in Wien bei KS Edith Lienbacher, Gabriele Lechner und KS Robert Holl und schloss sein Studium 2012 mit Auszeichnung ab.<\/p>\n<p>Seine Engagements f\u00fchrten den jungen S\u00e4nger bereits an die\u00a0<strong>Mail\u00e4nder Scala<\/strong>, \u00a0an das\u00a0<strong>Teatro San Carlo in Lissabon<\/strong>, die\u00a0<strong>Staatsoper Berlin<\/strong>\u00a0das\u00a0<strong>Z\u00fcricher Opernhaus<\/strong>, das\u00a0<strong>Nationaltheater Mannheim<\/strong>,\u00a0<strong>K\u00f6niglich D\u00e4nisches Opernhaus<\/strong>,\u00a0<strong>Theater Chemnitz, Landestheater Innsbruck, Bregenzer Festspiele<\/strong>\u00a0sowie an die\u00a0<strong>Volksoper Wien<\/strong>. Weiters sang Thomas Lichtenecker wiederholte Male an der\u00a0<strong>Kammeroper M\u00fcnchen<\/strong>\u00a0sowie bei diversen Festivals, wie am\u00a0<strong>Winter International Arts Festival in Sochi<\/strong>, bei den\u00a0<strong>Tiroler Festspielen in Erl<\/strong>, am\u00a0<strong>Jopera-Festival in Jennersdorf<\/strong>, am\u00a0<strong>Kirchenmusikfestival in Retz<\/strong>\u00a0sowie am\u00a0<strong>Festival f\u00fcr alte Musik in Regensburg<\/strong>.<\/p>\n<p>Sein auf der B\u00fchne gesungenes Repertoire ist vielseitig und gro\u00df und reicht vom Barock bis zur Moderne. Zu seinen wichtigsten Rollen z\u00e4hlen unter anderem\u00a0<em>Satirino<\/em>\u00a0in Cavallis \u201eLa Calisto\u201c,\u00a0<em>Bradamante<\/em> in H\u00e4ndels \u201eAlcina\u201c,\u00a0<em>Amor und Valetto<\/em> in Monteverdis \u201eL\u2019incoronazione di Poppea\u201c, <em>Tenente<\/em> in Joseph Schusters \u201eIl marito indolente\u201c,\u00a0<em>Ernesto<\/em> in Haydns \u201eDie Welt auf dem Mond\u201c,\u00a0<em>Orlofsky<\/em> in Strau\u00df\u2019 \u201eDie Fledermaus\u201c,\u00a0<em>Pippetto<\/em> in Donizettis \u201e Le convenienze ed inconvenienze teatrali\u201c,\u00a0<em>Mutter Ute<\/em> in Oscar Straus\u2019 \u201eDie lustigen Nibelungen\u201c,\u00a0<em>Tisbe<\/em> in Rossinis \u201eLa Cenerentola\u201c,\u00a0<em>Miles<\/em> in Brittens\u00a0\u201eThe Turn of the Screw\u201c,\u00a0<em>Clearte<\/em>\u00a0in H\u00f6lszkys \u201eHybris\u201c oder\u00a0<em>Un Giovane und Voce lontana<\/em>\u00a0in Salvatore Sciarrinos \u201eSuperflumina\u201c.<\/p>\n<p>Auch sein Konzert- und Oratorium-Repertoire ist umfassend. Der Countertenor sang bereits den\u00a0<em>Schwan<\/em> in Orffs \u201eCarmina Burana\u201c, die\u00a0<em>Altpartie<\/em> in Pergolesis \u201eStabat Mater\u201c oder das\u00a0<em>Boy-Solo<\/em>\u00a0in Bernsteins \u201eChichester Psalmes\u201c und seine Auftritte f\u00fchrten ihn unter anderem an den\u00a0<strong>Wiener Musikverein<\/strong>\u00a0sowie an\u00a0<strong>Konzerth\u00e4user von Salzburg bis Kopenhagen<\/strong>.<\/p>\n<p>Thomas Lichtenecker arbeitete mit Dirigenten wie Daniel Barenboim, Maxime Pascal, Ivor Bolton, Paolo Carignani, Roman V\u00e1lek, Jos van Veldhoven, Lars Ulrik Mortensen, Julia Jones, J\u00f6rg Straube, Tito Ceccherini, Andreas Sch\u00fcller, Johannes Wildner, Christian Kolonovits, Walter Kobera und Christopher Moulds und wirkte unter anderem in Inszenierungen von Claus Guth, Sir David McVicar, J\u00fcrgen Flimm, Martin Kusej, Harry Kupfer, Andrea Schwalbach, Matthias Davids, Robert Meyer, Jetske Mijnssen, Alexandra Liedtke\u00a0und Dominik Wilgenbus mit.<\/p>\n<p>2007 wurde der S\u00e4nger beim \u201eInternationalen Gesangswettbewerb Ferruccio Tagliavini\u201d mit dem Publikumspreis und dem Preis als bester \u00d6sterreichischer S\u00e4nger ausgezeichnet.<\/p>\n<p>2015 nahm Thomas Lichtenecker mit dem Barockensemble der Wiener Symphoniker die CD \u201cMusica Inflamata\u201c auf.<\/p>\n<\/div><\/div><\/div><\/div><\/div>\n","protected":false},"excerpt":{"rendered":"","protected":false},"author":1,"featured_media":6568,"parent":0,"menu_order":0,"comment_status":"closed","ping_status":"closed","template":"100-width.php","meta":{"footnotes":""},"class_list":["post-5592","page","type-page","status-publish","has-post-thumbnail","hentry"],"_links":{"self":[{"href":"https:\/\/thomaslichtenecker.com\/de\/wp-json\/wp\/v2\/pages\/5592","targetHints":{"allow":["GET"]}}],"collection":[{"href":"https:\/\/thomaslichtenecker.com\/de\/wp-json\/wp\/v2\/pages"}],"about":[{"href":"https:\/\/thomaslichtenecker.com\/de\/wp-json\/wp\/v2\/types\/page"}],"author":[{"embeddable":true,"href":"https:\/\/thomaslichtenecker.com\/de\/wp-json\/wp\/v2\/users\/1"}],"replies":[{"embeddable":true,"href":"https:\/\/thomaslichtenecker.com\/de\/wp-json\/wp\/v2\/comments?post=5592"}],"version-history":[{"count":82,"href":"https:\/\/thomaslichtenecker.com\/de\/wp-json\/wp\/v2\/pages\/5592\/revisions"}],"predecessor-version":[{"id":6439,"href":"https:\/\/thomaslichtenecker.com\/de\/wp-json\/wp\/v2\/pages\/5592\/revisions\/6439"}],"wp:featuredmedia":[{"embeddable":true,"href":"https:\/\/thomaslichtenecker.com\/de\/wp-json\/wp\/v2\/media\/6568"}],"wp:attachment":[{"href":"https:\/\/thomaslichtenecker.com\/de\/wp-json\/wp\/v2\/media?parent=5592"}],"curies":[{"name":"wp","href":"https:\/\/api.w.org\/{rel}","templated":true}]}}